{"id":8,"date":"2019-01-23T15:24:11","date_gmt":"2019-01-23T15:24:11","guid":{"rendered":"https:\/\/the7.io\/weed\/?page_id=8"},"modified":"2020-07-30T21:56:45","modified_gmt":"2020-07-30T21:56:45","slug":"conoceme","status":"publish","type":"page","link":"https:\/\/dayami-tantanini.com\/es\/conoceme\/","title":{"rendered":"Con\u00f3ceme"},"content":{"rendered":"<div class=\"wpb-content-wrapper\"><p>[vc_row][vc_column offset=\u00bbvc_col-lg-offset-0 vc_col-md-offset-0&#8243;][vc_row_inner equal_height=\u00bbyes\u00bb content_placement=\u00bbmiddle\u00bb][vc_column_inner width=\u00bb1\/2&#8243; offset=\u00bbvc_col-lg-offset-1 vc_col-lg-4 vc_col-md-offset-1 vc_col-md-4 vc_hidden-xs\u00bb css=\u00bb.vc_custom_1550511660681{padding-right: 40px !important;}\u00bb]<style type=\"text\/css\" data-type=\"the7_shortcodes-inline-css\">.shortcode-single-image-wrap.shortcode-single-image-8e3a3b9250c693e8ce94ba06b7874f26.enable-bg-rollover .rollover i,\n.shortcode-single-image-wrap.shortcode-single-image-8e3a3b9250c693e8ce94ba06b7874f26.enable-bg-rollover .rollover-video i {\n  background: ;\n  background: -webkit-linear-gradient();\n  background: linear-gradient();\n}\n.shortcode-single-image-wrap.shortcode-single-image-8e3a3b9250c693e8ce94ba06b7874f26 .rollover-icon {\n  font-size: 32px;\n  color: #ffffff;\n  min-width: 44px;\n  min-height: 44px;\n  line-height: 44px;\n  border-radius: 100px;\n  border-style: solid;\n  border-width: 0px;\n}\n.dt-icon-bg-on.shortcode-single-image-wrap.shortcode-single-image-8e3a3b9250c693e8ce94ba06b7874f26 .rollover-icon {\n  background: rgba(255,255,255,0.3);\n  box-shadow: none;\n}\n<\/style><div class=\"shortcode-single-image-wrap shortcode-single-image-8e3a3b9250c693e8ce94ba06b7874f26 alignnone  enable-bg-rollover dt-icon-bg-off\" style=\"margin-top:0px; margin-bottom:0px; margin-left:0px; margin-right:0px; width:800px;\"><div class=\"shortcode-single-image\"><div class=\"fancy-media-wrap  layzr-bg\" style=\"border-radius:5px;\"><img fetchpriority=\"high\" decoding=\"async\" class=\"preload-me lazy-load aspect\" src=\"data:image\/svg+xml,%3Csvg%20xmlns%3D&#39;http%3A%2F%2Fwww.w3.org%2F2000%2Fsvg&#39;%20viewBox%3D&#39;0%200%20800%201600&#39;%2F%3E\" data-src=\"https:\/\/dayami-tantanini.com\/es\/wp-content\/uploads\/2020\/07\/Dayami-Tantanini-perfil-1-800x1600.png\" data-srcset=\"https:\/\/dayami-tantanini.com\/es\/wp-content\/uploads\/2020\/07\/Dayami-Tantanini-perfil-1-800x1600.png 800w\" loading=\"eager\" sizes=\"(max-width: 800px) 100vw, 800px\" width=\"800\" height=\"1600\"  data-dt-location=\"https:\/\/dayami-tantanini.com\/es\/conoceme\/dayami-tantanini-perfil-2\/\" style=\"--ratio: 800 \/ 1600;border-radius:5px;\" alt=\"\" \/><\/div><\/div><\/div>[\/vc_column_inner][vc_column_inner width=\u00bb1\/2&#8243; offset=\u00bbvc_col-lg-offset-0 vc_col-lg-6 vc_col-md-offset-0 vc_col-md-6 vc_col-sm-offset-0 vc_col-xs-12&#8243; css=\u00bb.vc_custom_1550596751320{margin-bottom: 20px !important;border-left-width: 3px !important;padding-left: 40px !important;border-left-color: #75b325 !important;border-left-style: dashed !important;}\u00bb]<div id=\"ultimate-heading-265769ea3ddced389\" class=\"uvc-heading ult-adjust-bottom-margin ultimate-heading-265769ea3ddced389 uvc-1042 accent-icon-color uvc-heading-default-font-sizes\" data-hspacer=\"icon_only\"  data-halign=\"left\" style=\"text-align:left\"><div class=\"uvc-heading-spacer icon_only\" style=\"top\"><div class=\"ult-just-icon-wrapper  \"><div class=\"align-icon\" style=\"text-align:left;\">\n<div class=\"aio-icon none \"  style=\"font-size:32px;\">\n\t<i class=\"Defaults-leaf\"><\/i>\n<\/div><\/div><\/div><\/div><div class=\"uvc-sub-heading ult-responsive\"  data-ultimate-target='.uvc-heading.ultimate-heading-265769ea3ddced389 .uvc-sub-heading '  data-responsive-json-new='{\"font-size\":\"\",\"line-height\":\"desktop:27px;\"}'  style=\"font-weight:normal;margin-bottom:20px;\">Nac\u00ed en Cuba y estudi\u00e9 medicina. Soy m\u00e9dico cubana y he ejercido la medicina general por varios a\u00f1os. En la actualidad aplico m\u00e9todos alternativos que sanen no solo el cuerpo, sino tambi\u00e9n la mente y el alma.<\/p>\n<p>&#8211; FORMACI\u00d3N Y EXPERIENCIA &#8211;<\/p>\n<p>Como m\u00e9dico general trat\u00e9 a agricultores cubanos con m\u00e9todos alternativos a la medicina.<\/p>\n<p>En Suiza donde resido actualmente, me di a conocer como m\u00e9dico masajista, con masajes terap\u00e9uticos, luego increment\u00e9 mis conocimientos de Descodificaci\u00f3n Natural, ThetaHealing\u00ae y asesoramiento nutricional.<\/p>\n<p>Me form\u00e9 en el Tapeo de los Meridianos\/E.F.T y Dietista desarrollando el concepto de los alimentos disociados en la Escuela de Salud y Nutrici\u00f3n del Alto Vogelsberg.<\/p>\n<p>Desde octubre de 2013 soy masajista M\u00e9dico Diploma Federal, reconocido por la mayor\u00eda de seguros de salud con el seguro complementario.<\/p>\n<p>Trabajo en la Cl\u00ednica de Rehabilitaci\u00f3n de Bad Zurzach como masajista m\u00e9dica.<\/p>\n<p>Obtuve el certificado en Descodificaci\u00f3n Natural en Sevilla-Espa\u00f1a por el Instituto de Descodificaci\u00f3n Natural. En ese mismo pa\u00eds me form\u00e9 en Thetahealing\u00ae con Claudia Mata y he continuado practicando la t\u00e9cnica aqu\u00ed en Suiza para lograr la certificaci\u00f3n que me acredita como practicante de ThetaHealing\u00ae<\/div><\/div>[\/vc_column_inner][\/vc_row_inner][vc_row_inner equal_height=\u00bbyes\u00bb content_placement=\u00bbmiddle\u00bb][vc_column_inner width=\u00bb1\/2&#8243; offset=\u00bbvc_col-lg-offset-1 vc_col-lg-6 vc_col-md-offset-1 vc_col-md-6 vc_col-xs-12&#8243; css=\u00bb.vc_custom_1550596807938{margin-bottom: 20px !important;border-left-width: 3px !important;padding-left: 40px !important;border-left-color: #75b325 !important;border-left-style: dashed !important;}\u00bb]<div id=\"ultimate-heading-536769ea3ddced3ce\" class=\"uvc-heading ult-adjust-bottom-margin ultimate-heading-536769ea3ddced3ce uvc-9039 accent-icon-color uvc-heading-default-font-sizes\" data-hspacer=\"icon_only\"  data-halign=\"left\" style=\"text-align:left\"><div class=\"uvc-heading-spacer icon_only\" style=\"top\"><div class=\"ult-just-icon-wrapper  \"><div class=\"align-icon\" style=\"text-align:left;\">\n<div class=\"aio-icon none \"  style=\"font-size:32px;\">\n\t<i class=\"Defaults-leaf\"><\/i>\n<\/div><\/div><\/div><\/div><div class=\"uvc-main-heading ult-responsive\"  data-ultimate-target='.uvc-heading.ultimate-heading-536769ea3ddced3ce h3'  data-responsive-json-new='{\"font-size\":\"\",\"line-height\":\"\"}' ><h3 style=\"font-weight:bold;margin-bottom:15px;\">\u00bfQU\u00c9 TE OFREZCO?<\/h3><\/div><div class=\"uvc-sub-heading ult-responsive\"  data-ultimate-target='.uvc-heading.ultimate-heading-536769ea3ddced3ce .uvc-sub-heading '  data-responsive-json-new='{\"font-size\":\"\",\"line-height\":\"desktop:27px;\"}'  style=\"font-weight:normal;margin-bottom:20px;\">&#8211; Masajes terap\u00e9uticos: Masaje cl\u00e1sico.<\/p>\n<p>&#8211; Reflexolog\u00eda podal<\/p>\n<p>&#8211; Masaje del tejido conectivo<\/p>\n<p>&#8211; Hidroterapias.<\/p>\n<p>&#8211; Linfodrenaje y compresi\u00f3n.<\/p>\n<p>&#8211; Electroterapia (l\u00e1ser, oscilaciones profundas, Tens)<\/p>\n<p>&#8211; Descodificaci\u00f3n Natural<\/p>\n<p>&#8211; Terapias de ThetaHealing\u00ae<\/p>\n<p>&#8211; Tratamientos especializados en el Tapeo de los Meridianos<\/p>\n<p>&#8211; Dietista con base en disociaci\u00f3n de alimentos.<\/p>\n<p>&#8211; Kinesiotape o vendajes neuromusculares.<\/div><\/div>[\/vc_column_inner][vc_column_inner width=\u00bb1\/2&#8243; offset=\u00bbvc_col-lg-offset-0 vc_col-lg-4 vc_col-md-offset-0 vc_col-md-4 vc_hidden-xs\u00bb css=\u00bb.vc_custom_1550511681130{padding-left: 40px !important;}\u00bb]<style type=\"text\/css\" data-type=\"the7_shortcodes-inline-css\">.shortcode-single-image-wrap.shortcode-single-image-d94db88c74b3eb4ef2bacf202cd554ff.enable-bg-rollover .rollover i,\n.shortcode-single-image-wrap.shortcode-single-image-d94db88c74b3eb4ef2bacf202cd554ff.enable-bg-rollover .rollover-video i {\n  background: ;\n  background: -webkit-linear-gradient();\n  background: linear-gradient();\n}\n.shortcode-single-image-wrap.shortcode-single-image-d94db88c74b3eb4ef2bacf202cd554ff .rollover-icon {\n  font-size: 32px;\n  color: #ffffff;\n  min-width: 44px;\n  min-height: 44px;\n  line-height: 44px;\n  border-radius: 100px;\n  border-style: solid;\n  border-width: 0px;\n}\n.dt-icon-bg-on.shortcode-single-image-wrap.shortcode-single-image-d94db88c74b3eb4ef2bacf202cd554ff .rollover-icon {\n  background: rgba(255,255,255,0.3);\n  box-shadow: none;\n}\n<\/style><div class=\"shortcode-single-image-wrap shortcode-single-image-d94db88c74b3eb4ef2bacf202cd554ff alignnone  enable-bg-rollover dt-icon-bg-off\" style=\"margin-top:0px; margin-bottom:0px; margin-left:0px; margin-right:0px; width:800px;\"><div class=\"shortcode-single-image\"><div class=\"fancy-media-wrap  layzr-bg\" style=\"border-radius:5px;\"><img decoding=\"async\" class=\"preload-me lazy-load aspect\" src=\"data:image\/svg+xml,%3Csvg%20xmlns%3D&#39;http%3A%2F%2Fwww.w3.org%2F2000%2Fsvg&#39;%20viewBox%3D&#39;0%200%20800%201000&#39;%2F%3E\" data-src=\"https:\/\/dayami-tantanini.com\/es\/wp-content\/uploads\/2020\/07\/PREISE-800x1000.png\" data-srcset=\"https:\/\/dayami-tantanini.com\/es\/wp-content\/uploads\/2020\/07\/PREISE-800x1000.png 800w\" loading=\"eager\" sizes=\"(max-width: 800px) 100vw, 800px\" width=\"800\" height=\"1000\"  data-dt-location=\"https:\/\/dayami-tantanini.com\/es\/home\/preise\/\" style=\"--ratio: 800 \/ 1000;border-radius:5px;\" alt=\"\" \/><\/div><\/div><\/div>[\/vc_column_inner][\/vc_row_inner][\/vc_column][\/vc_row][vc_row enable_overlay=\u00bbenable_overlay_value\u00bb overlay_color=\u00bbrgba(32,52,6,0.52)\u00bb][vc_column css=\u00bb.vc_custom_1550597063086{padding-top: 70px !important;}\u00bb]<div id=\"ultimate-heading-571769ea3ddcedfd6\" class=\"uvc-heading ult-adjust-bottom-margin ultimate-heading-571769ea3ddcedfd6 uvc-8318 accent-subtitle-color uvc-heading-default-font-sizes\" data-hspacer=\"no_spacer\"  data-halign=\"center\" style=\"text-align:center\"><div class=\"uvc-heading-spacer no_spacer\" style=\"top\"><\/div><div class=\"uvc-main-heading ult-responsive\"  data-ultimate-target='.uvc-heading.ultimate-heading-571769ea3ddcedfd6 h4'  data-responsive-json-new='{\"font-size\":\"\",\"line-height\":\"\"}' ><h4 style=\"font-weight:bold;margin-bottom:10px;\">Si tienes duda sobre el tratamiento que te conviene, puedes escribir para realizar una consulta previa.<\/h4><\/div><div class=\"uvc-sub-heading ult-responsive\"  data-ultimate-target='.uvc-heading.ultimate-heading-571769ea3ddcedfd6 .uvc-sub-heading '  data-responsive-json-new='{\"font-size\":\"desktop:25px;mobile_landscape:25px;\",\"line-height\":\"desktop:25px;mobile_landscape:25px;\"}'  style=\"font-weight:bold;\"><\/p>\n<p><i class=\"fas fa-phone-square\" style=\"padding-right: 10px;\"><\/i><strong>+41 765315502<\/strong><\/p>\n<p><\/div><\/div>[vc_column_text css=\u00bb.vc_custom_1594216803078{padding-top: 10px !important;}\u00bb]<\/p>\n<p style=\"text-align: center;\">&#8211; Email: info@dayami-tantanini.com &#8211;<\/p>\n<p>[\/vc_column_text][\/vc_column][\/vc_row]<\/p>\n<\/div>","protected":false},"excerpt":{"rendered":"<p>[vc_row][vc_column offset=\u00bbvc_col-lg-offset-0 vc_col-md-offset-0&#8243;][vc_row_inner equal_height=\u00bbyes\u00bb content_placement=\u00bbmiddle\u00bb][vc_column_inner width=\u00bb1\/2&#8243; offset=\u00bbvc_col-lg-offset-1 vc_col-lg-4 vc_col-md-offset-1 vc_col-md-4 vc_hidden-xs\u00bb css=\u00bb.vc_custom_1550511660681{padding-right: 40px !important;}\u00bb][\/vc_column_inner][vc_column_inner width=\u00bb1\/2&#8243; offset=\u00bbvc_col-lg-offset-0 vc_col-lg-6 vc_col-md-offset-0 vc_col-md-6 vc_col-sm-offset-0 vc_col-xs-12&#8243; css=\u00bb.vc_custom_1550596751320{margin-bottom: 20px !important;border-left-width: 3px !important;padding-left: 40px !important;border-left-color: #75b325 !important;border-left-style: dashed !important;}\u00bb][\/vc_column_inner][\/vc_row_inner][vc_row_inner equal_height=\u00bbyes\u00bb content_placement=\u00bbmiddle\u00bb][vc_column_inner width=\u00bb1\/2&#8243; offset=\u00bbvc_col-lg-offset-1 vc_col-lg-6 vc_col-md-offset-1 vc_col-md-6 vc_col-xs-12&#8243; css=\u00bb.vc_custom_1550596807938{margin-bottom: 20px !important;border-left-width: 3px !important;padding-left: 40px !important;border-left-color: #75b325 !important;border-left-style: dashed !important;}\u00bb][\/vc_column_inner][vc_column_inner width=\u00bb1\/2&#8243; offset=\u00bbvc_col-lg-offset-0 vc_col-lg-4 vc_col-md-offset-0&hellip;<\/p>\n","protected":false},"author":1,"featured_media":756,"parent":0,"menu_order":15,"comment_status":"closed","ping_status":"closed","template":"","meta":{"footnotes":""},"class_list":["post-8","page","type-page","status-publish","has-post-thumbnail","hentry","description-off"],"yoast_head":"<!-- This site is optimized with the Yoast SEO plugin v27.2 - https:\/\/yoast.com\/product\/yoast-seo-wordpress\/ -->\n<title>Con\u00f3ceme - Dayami Tantanini<\/title>\n<meta name=\"description\" content=\"Nac\u00ed en Cuba y estudi\u00e9 medicina. Soy m\u00e9dico cubana y he ejercido la medicina general. Aplico m\u00e9todos alternativos que sanen cuerpo, mente y alma.\" \/>\n<meta name=\"robots\" content=\"index, follow, max-snippet:-1, max-image-preview:large, max-video-preview:-1\" \/>\n<link rel=\"canonical\" href=\"https:\/\/dayami-tantanini.com\/es\/conoceme\/\" \/>\n<meta property=\"og:locale\" content=\"es_ES\" \/>\n<meta property=\"og:type\" content=\"article\" \/>\n<meta property=\"og:title\" content=\"Con\u00f3ceme - Dayami Tantanini\" \/>\n<meta property=\"og:description\" content=\"Nac\u00ed en Cuba y estudi\u00e9 medicina. Soy m\u00e9dico cubana y he ejercido la medicina general. Aplico m\u00e9todos alternativos que sanen cuerpo, mente y alma.\" \/>\n<meta property=\"og:url\" content=\"https:\/\/dayami-tantanini.com\/es\/conoceme\/\" \/>\n<meta property=\"og:site_name\" content=\"Dayami Tantanini\" \/>\n<meta property=\"article:modified_time\" content=\"2020-07-30T21:56:45+00:00\" \/>\n<meta property=\"og:image\" content=\"https:\/\/dayami-tantanini.com\/es\/wp-content\/uploads\/2020\/07\/Dayami-Tantanini-200x200-1.png\" \/>\n\t<meta property=\"og:image:width\" content=\"200\" \/>\n\t<meta property=\"og:image:height\" content=\"200\" \/>\n\t<meta property=\"og:image:type\" content=\"image\/png\" \/>\n<meta name=\"twitter:card\" content=\"summary_large_image\" \/>\n<meta name=\"twitter:label1\" content=\"Tiempo de lectura\" \/>\n\t<meta name=\"twitter:data1\" content=\"3 minutos\" \/>\n<script type=\"application\/ld+json\" class=\"yoast-schema-graph\">{\"@context\":\"https:\/\/schema.org\",\"@graph\":[{\"@type\":\"WebPage\",\"@id\":\"https:\/\/dayami-tantanini.com\/es\/conoceme\/\",\"url\":\"https:\/\/dayami-tantanini.com\/es\/conoceme\/\",\"name\":\"Con\u00f3ceme - Dayami Tantanini\",\"isPartOf\":{\"@id\":\"https:\/\/dayami-tantanini.com\/es\/#website\"},\"primaryImageOfPage\":{\"@id\":\"https:\/\/dayami-tantanini.com\/es\/conoceme\/#primaryimage\"},\"image\":{\"@id\":\"https:\/\/dayami-tantanini.com\/es\/conoceme\/#primaryimage\"},\"thumbnailUrl\":\"https:\/\/dayami-tantanini.com\/es\/wp-content\/uploads\/2020\/07\/Dayami-Tantanini-200x200-1.png\",\"datePublished\":\"2019-01-23T15:24:11+00:00\",\"dateModified\":\"2020-07-30T21:56:45+00:00\",\"description\":\"Nac\u00ed en Cuba y estudi\u00e9 medicina. Soy m\u00e9dico cubana y he ejercido la medicina general. Aplico m\u00e9todos alternativos que sanen cuerpo, mente y alma.\",\"breadcrumb\":{\"@id\":\"https:\/\/dayami-tantanini.com\/es\/conoceme\/#breadcrumb\"},\"inLanguage\":\"es\",\"potentialAction\":[{\"@type\":\"ReadAction\",\"target\":[\"https:\/\/dayami-tantanini.com\/es\/conoceme\/\"]}]},{\"@type\":\"ImageObject\",\"inLanguage\":\"es\",\"@id\":\"https:\/\/dayami-tantanini.com\/es\/conoceme\/#primaryimage\",\"url\":\"https:\/\/dayami-tantanini.com\/es\/wp-content\/uploads\/2020\/07\/Dayami-Tantanini-200x200-1.png\",\"contentUrl\":\"https:\/\/dayami-tantanini.com\/es\/wp-content\/uploads\/2020\/07\/Dayami-Tantanini-200x200-1.png\",\"width\":200,\"height\":200},{\"@type\":\"BreadcrumbList\",\"@id\":\"https:\/\/dayami-tantanini.com\/es\/conoceme\/#breadcrumb\",\"itemListElement\":[{\"@type\":\"ListItem\",\"position\":1,\"name\":\"Portada\",\"item\":\"https:\/\/dayami-tantanini.com\/es\/\"},{\"@type\":\"ListItem\",\"position\":2,\"name\":\"Con\u00f3ceme\"}]},{\"@type\":\"WebSite\",\"@id\":\"https:\/\/dayami-tantanini.com\/es\/#website\",\"url\":\"https:\/\/dayami-tantanini.com\/es\/\",\"name\":\"Dayami Tantanini\",\"description\":\"Masajes - Terapias - Seminarios\",\"potentialAction\":[{\"@type\":\"SearchAction\",\"target\":{\"@type\":\"EntryPoint\",\"urlTemplate\":\"https:\/\/dayami-tantanini.com\/es\/?s={search_term_string}\"},\"query-input\":{\"@type\":\"PropertyValueSpecification\",\"valueRequired\":true,\"valueName\":\"search_term_string\"}}],\"inLanguage\":\"es\"}]}<\/script>\n<!-- \/ Yoast SEO plugin. -->","yoast_head_json":{"title":"Con\u00f3ceme - Dayami Tantanini","description":"Nac\u00ed en Cuba y estudi\u00e9 medicina. Soy m\u00e9dico cubana y he ejercido la medicina general. Aplico m\u00e9todos alternativos que sanen cuerpo, mente y alma.","robots":{"index":"index","follow":"follow","max-snippet":"max-snippet:-1","max-image-preview":"max-image-preview:large","max-video-preview":"max-video-preview:-1"},"canonical":"https:\/\/dayami-tantanini.com\/es\/conoceme\/","og_locale":"es_ES","og_type":"article","og_title":"Con\u00f3ceme - Dayami Tantanini","og_description":"Nac\u00ed en Cuba y estudi\u00e9 medicina. Soy m\u00e9dico cubana y he ejercido la medicina general. Aplico m\u00e9todos alternativos que sanen cuerpo, mente y alma.","og_url":"https:\/\/dayami-tantanini.com\/es\/conoceme\/","og_site_name":"Dayami Tantanini","article_modified_time":"2020-07-30T21:56:45+00:00","og_image":[{"width":200,"height":200,"url":"https:\/\/dayami-tantanini.com\/es\/wp-content\/uploads\/2020\/07\/Dayami-Tantanini-200x200-1.png","type":"image\/png"}],"twitter_card":"summary_large_image","twitter_misc":{"Tiempo de lectura":"3 minutos"},"schema":{"@context":"https:\/\/schema.org","@graph":[{"@type":"WebPage","@id":"https:\/\/dayami-tantanini.com\/es\/conoceme\/","url":"https:\/\/dayami-tantanini.com\/es\/conoceme\/","name":"Con\u00f3ceme - Dayami Tantanini","isPartOf":{"@id":"https:\/\/dayami-tantanini.com\/es\/#website"},"primaryImageOfPage":{"@id":"https:\/\/dayami-tantanini.com\/es\/conoceme\/#primaryimage"},"image":{"@id":"https:\/\/dayami-tantanini.com\/es\/conoceme\/#primaryimage"},"thumbnailUrl":"https:\/\/dayami-tantanini.com\/es\/wp-content\/uploads\/2020\/07\/Dayami-Tantanini-200x200-1.png","datePublished":"2019-01-23T15:24:11+00:00","dateModified":"2020-07-30T21:56:45+00:00","description":"Nac\u00ed en Cuba y estudi\u00e9 medicina. Soy m\u00e9dico cubana y he ejercido la medicina general. Aplico m\u00e9todos alternativos que sanen cuerpo, mente y alma.","breadcrumb":{"@id":"https:\/\/dayami-tantanini.com\/es\/conoceme\/#breadcrumb"},"inLanguage":"es","potentialAction":[{"@type":"ReadAction","target":["https:\/\/dayami-tantanini.com\/es\/conoceme\/"]}]},{"@type":"ImageObject","inLanguage":"es","@id":"https:\/\/dayami-tantanini.com\/es\/conoceme\/#primaryimage","url":"https:\/\/dayami-tantanini.com\/es\/wp-content\/uploads\/2020\/07\/Dayami-Tantanini-200x200-1.png","contentUrl":"https:\/\/dayami-tantanini.com\/es\/wp-content\/uploads\/2020\/07\/Dayami-Tantanini-200x200-1.png","width":200,"height":200},{"@type":"BreadcrumbList","@id":"https:\/\/dayami-tantanini.com\/es\/conoceme\/#breadcrumb","itemListElement":[{"@type":"ListItem","position":1,"name":"Portada","item":"https:\/\/dayami-tantanini.com\/es\/"},{"@type":"ListItem","position":2,"name":"Con\u00f3ceme"}]},{"@type":"WebSite","@id":"https:\/\/dayami-tantanini.com\/es\/#website","url":"https:\/\/dayami-tantanini.com\/es\/","name":"Dayami Tantanini","description":"Masajes - Terapias - Seminarios","potentialAction":[{"@type":"SearchAction","target":{"@type":"EntryPoint","urlTemplate":"https:\/\/dayami-tantanini.com\/es\/?s={search_term_string}"},"query-input":{"@type":"PropertyValueSpecification","valueRequired":true,"valueName":"search_term_string"}}],"inLanguage":"es"}]}},"_links":{"self":[{"href":"https:\/\/dayami-tantanini.com\/es\/wp-json\/wp\/v2\/pages\/8","targetHints":{"allow":["GET"]}}],"collection":[{"href":"https:\/\/dayami-tantanini.com\/es\/wp-json\/wp\/v2\/pages"}],"about":[{"href":"https:\/\/dayami-tantanini.com\/es\/wp-json\/wp\/v2\/types\/page"}],"author":[{"embeddable":true,"href":"https:\/\/dayami-tantanini.com\/es\/wp-json\/wp\/v2\/users\/1"}],"replies":[{"embeddable":true,"href":"https:\/\/dayami-tantanini.com\/es\/wp-json\/wp\/v2\/comments?post=8"}],"version-history":[{"count":8,"href":"https:\/\/dayami-tantanini.com\/es\/wp-json\/wp\/v2\/pages\/8\/revisions"}],"predecessor-version":[{"id":832,"href":"https:\/\/dayami-tantanini.com\/es\/wp-json\/wp\/v2\/pages\/8\/revisions\/832"}],"wp:featuredmedia":[{"embeddable":true,"href":"https:\/\/dayami-tantanini.com\/es\/wp-json\/wp\/v2\/media\/756"}],"wp:attachment":[{"href":"https:\/\/dayami-tantanini.com\/es\/wp-json\/wp\/v2\/media?parent=8"}],"curies":[{"name":"wp","href":"https:\/\/api.w.org\/{rel}","templated":true}]}}